{"id":2603,"date":"2021-03-16T11:12:39","date_gmt":"2021-03-16T10:12:39","guid":{"rendered":"https:\/\/schalkenrecovery.nl\/cookie-richtlinie\/"},"modified":"2025-09-29T15:05:28","modified_gmt":"2025-09-29T13:05:28","slug":"cookie-richtlinie","status":"publish","type":"page","link":"https:\/\/schalkenrecovery.nl\/de\/cookie-richtlinie\/","title":{"rendered":"Cookie-Richtlinie"},"content":{"rendered":"\t\t<div data-elementor-type=\"wp-page\" data-elementor-id=\"2603\" class=\"elementor elementor-2603 elementor-1950\" data-elementor-post-type=\"page\">\n\t\t\t\t\t\t<section class=\"elementor-section elementor-top-section elementor-element elementor-element-2f3ac01 elementor-section-boxed elementor-section-height-default elementor-section-height-default\" data-id=\"2f3ac01\" data-element_type=\"section\" data-e-type=\"section\" data-settings=\"{&quot;jet_parallax_layout_list&quot;:[{&quot;jet_parallax_layout_image&quot;:{&quot;url&quot;:&quot;&quot;,&quot;id&quot;:&quot;&quot;,&quot;size&quot;:&quot;&quot;},&quot;_id&quot;:&quot;e852b5c&quot;,&quot;jet_parallax_layout_image_tablet&quot;:{&quot;url&quot;:&quot;&quot;,&quot;id&quot;:&quot;&quot;,&quot;size&quot;:&quot;&quot;},&quot;jet_parallax_layout_image_mobile&quot;:{&quot;url&quot;:&quot;&quot;,&quot;id&quot;:&quot;&quot;,&quot;size&quot;:&quot;&quot;},&quot;jet_parallax_layout_speed&quot;:{&quot;unit&quot;:&quot;%&quot;,&quot;size&quot;:50,&quot;sizes&quot;:[]},&quot;jet_parallax_layout_type&quot;:&quot;scroll&quot;,&quot;jet_parallax_layout_direction&quot;:&quot;1&quot;,&quot;jet_parallax_layout_fx_direction&quot;:null,&quot;jet_parallax_layout_z_index&quot;:&quot;&quot;,&quot;jet_parallax_layout_bg_x&quot;:50,&quot;jet_parallax_layout_bg_x_tablet&quot;:&quot;&quot;,&quot;jet_parallax_layout_bg_x_mobile&quot;:&quot;&quot;,&quot;jet_parallax_layout_bg_y&quot;:50,&quot;jet_parallax_layout_bg_y_tablet&quot;:&quot;&quot;,&quot;jet_parallax_layout_bg_y_mobile&quot;:&quot;&quot;,&quot;jet_parallax_layout_bg_size&quot;:&quot;auto&quot;,&quot;jet_parallax_layout_bg_size_tablet&quot;:&quot;&quot;,&quot;jet_parallax_layout_bg_size_mobile&quot;:&quot;&quot;,&quot;jet_parallax_layout_animation_prop&quot;:&quot;transform&quot;,&quot;jet_parallax_layout_on&quot;:[&quot;desktop&quot;,&quot;tablet&quot;]}]}\">\n\t\t\t\t\t\t<div class=\"elementor-container elementor-column-gap-default\">\n\t\t\t\t\t<div class=\"elementor-column elementor-col-100 elementor-top-column elementor-element elementor-element-30e0e1e\" data-id=\"30e0e1e\" data-element_type=\"column\" data-e-type=\"column\">\n\t\t\t<div class=\"elementor-widget-wrap elementor-element-populated\">\n\t\t\t\t\t\t<div class=\"elementor-element elementor-element-d7fd941 elementor-widget elementor-widget-heading\" data-id=\"d7fd941\" data-element_type=\"widget\" data-e-type=\"widget\" data-widget_type=\"heading.default\">\n\t\t\t\t\t<h2 class=\"elementor-heading-title elementor-size-default\">Cookie-Richtlinie<\/h2>\t\t\t\t<\/div>\n\t\t\t\t\t<\/div>\n\t\t<\/div>\n\t\t\t\t\t<\/div>\n\t\t<\/section>\n\t\t\t\t<section class=\"elementor-section elementor-top-section elementor-element elementor-element-e9ff5e1 elementor-section-boxed elementor-section-height-default elementor-section-height-default\" data-id=\"e9ff5e1\" data-element_type=\"section\" data-e-type=\"section\" data-settings=\"{&quot;jet_parallax_layout_list&quot;:[{&quot;jet_parallax_layout_image&quot;:{&quot;url&quot;:&quot;&quot;,&quot;id&quot;:&quot;&quot;,&quot;size&quot;:&quot;&quot;},&quot;_id&quot;:&quot;ca6b1a2&quot;,&quot;jet_parallax_layout_image_tablet&quot;:{&quot;url&quot;:&quot;&quot;,&quot;id&quot;:&quot;&quot;,&quot;size&quot;:&quot;&quot;},&quot;jet_parallax_layout_image_mobile&quot;:{&quot;url&quot;:&quot;&quot;,&quot;id&quot;:&quot;&quot;,&quot;size&quot;:&quot;&quot;},&quot;jet_parallax_layout_speed&quot;:{&quot;unit&quot;:&quot;%&quot;,&quot;size&quot;:50,&quot;sizes&quot;:[]},&quot;jet_parallax_layout_type&quot;:&quot;scroll&quot;,&quot;jet_parallax_layout_direction&quot;:&quot;1&quot;,&quot;jet_parallax_layout_fx_direction&quot;:null,&quot;jet_parallax_layout_z_index&quot;:&quot;&quot;,&quot;jet_parallax_layout_bg_x&quot;:50,&quot;jet_parallax_layout_bg_x_tablet&quot;:&quot;&quot;,&quot;jet_parallax_layout_bg_x_mobile&quot;:&quot;&quot;,&quot;jet_parallax_layout_bg_y&quot;:50,&quot;jet_parallax_layout_bg_y_tablet&quot;:&quot;&quot;,&quot;jet_parallax_layout_bg_y_mobile&quot;:&quot;&quot;,&quot;jet_parallax_layout_bg_size&quot;:&quot;auto&quot;,&quot;jet_parallax_layout_bg_size_tablet&quot;:&quot;&quot;,&quot;jet_parallax_layout_bg_size_mobile&quot;:&quot;&quot;,&quot;jet_parallax_layout_animation_prop&quot;:&quot;transform&quot;,&quot;jet_parallax_layout_on&quot;:[&quot;desktop&quot;,&quot;tablet&quot;]}]}\">\n\t\t\t\t\t\t<div class=\"elementor-container elementor-column-gap-default\">\n\t\t\t\t\t<div class=\"elementor-column elementor-col-100 elementor-top-column elementor-element elementor-element-963f176\" data-id=\"963f176\" data-element_type=\"column\" data-e-type=\"column\">\n\t\t\t<div class=\"elementor-widget-wrap elementor-element-populated\">\n\t\t\t\t\t\t<div class=\"elementor-element elementor-element-0b1a46a elementor-widget elementor-widget-text-editor\" data-id=\"0b1a46a\" data-element_type=\"widget\" data-e-type=\"widget\" data-widget_type=\"text-editor.default\">\n\t\t\t\t\t\t\t\t\t<p>Dies ist die Cookie-Richtlinie von Autoschadebedrijf Schalken Waalwijk B.V. (im Folgenden \u201e<strong>Schalken Autoschade<\/strong>\u201c, \u201ewir\u201c, \u201euns\u201c oder \u201eunser\u201c genannt), einem Unternehmen mit Sitz in Industrieweg 9, Waalwijk. Schalken Autoschade ist bei der Handelskammer unter der Nummer 18071449 eingetragen. Diese Cookie-Richtlinie erl\u00e4utert, wie wir Cookies verwenden und wie wir Ihre Daten in Bezug auf unsere Website www.schalken-autoschade.nl (die \u201e<strong>Website<\/strong>\u201c) teilen und sch\u00fctzen. Das Setzen von Cookies und die Verarbeitung von personenbezogenen Daten erfolgt in einer Weise, die mit der Allgemeinen Datenschutzverordnung, einschlie\u00dflich des Ausf\u00fchrungsgesetzes dieser Verordnung, oder der vorherigen Gesetzgebung des Gesetzes zum Schutz personenbezogener Daten (das \u201eAVG\u201c), dem Telekommunikationsgesetz und allen anderen Datenschutzgesetzen, wie sie derzeit gelten, \u00fcbereinstimmt.   <\/p><p> <\/p><p><strong>Was sind Cookies? <\/strong><\/p><p>Cookies sind einfache Textdateien, die auf Ihrem Computer, Tablet oder Telefon gespeichert werden, wenn Sie unsere Website besuchen. Cookies k\u00f6nnen Ihren Computer, Ihr Tablet oder Ihr Telefon nicht besch\u00e4digen. Die gespeicherten Informationen k\u00f6nnen bei einem sp\u00e4teren Besuch wieder an unsere Server zur\u00fcckgesendet werden. Die Cookies sind notwendig, um Ihnen eine angenehme Erfahrung auf der Website zu erm\u00f6glichen.   <\/p><p> <\/p><p><strong>Funktionale Cookies <\/strong><\/p><p>Funktionale Cookies sind Cookies, die notwendig sind, damit unsere Website ordnungsgem\u00e4\u00df funktioniert. Ohne diese Cookies kann unsere Website nicht richtig funktionieren. Sie k\u00f6nnen diese Cookies daher nicht deaktivieren. Es wird zwischen permanenten funktionalen Cookies und Sitzungscookies unterschieden. Die Sitzungscookies werden direkt nach Ihrem Besuch auf unserer Website gel\u00f6scht. Die permanenten Cookies werden gespeichert, um zu verhindern, dass Sie nicht jedes Mal die gleiche Aktion ausf\u00fchren m\u00fcssen. Ein Beispiel hierf\u00fcr sind Eink\u00e4ufe, die in einem Warenkorb eines Webshops f\u00fcr Sie gespeichert werden. Wir geben die Daten, die wir \u00fcber diese Cookies erhalten, daher nicht an Dritte weiter.       <\/p><p> <\/p><p><strong>Analytische Cookies <\/strong><\/p><p>Analytische Cookies sind Cookies, die daf\u00fcr sorgen, dass die Website gut funktionieren kann. Durch analytische Cookies wissen wir beispielsweise, wonach auf unserer Website gesucht wird, wie lange es dauert, bis Seiten geladen sind und worauf auf unserer Website von unseren Besuchern geklickt wird. Analytische Cookies d\u00fcrfen manchmal ohne Ihre Zustimmung gesetzt werden. Andere analytische Cookies werden selbstverst\u00e4ndlich nur mit Ihrer Zustimmung gesetzt.   <\/p><p><strong>Google Analytics:<\/strong> F\u00fcr unsere analytischen Dienste nutzen wir Google Analytics von dem amerikanischen Unternehmen Google. Wir nutzen diesen Dienst, um zu verfolgen und Berichte dar\u00fcber zu erhalten, wie Besucher die Website nutzen. Google Analytics platziert ein permanentes Cookie, um Ihren Webbrowser zu identifizieren. Dadurch werden Ihre Daten mit Google geteilt. Wir teilen nur Daten mit Google, die wir auf der Grundlage der AVG mit Google teilen d\u00fcrfen. Wir verwenden diese Informationen mit Informationen von anderen Nutzern. Dadurch ist es uns nicht m\u00f6glich, Sie als Individuum zu identifizieren. Wir haben Google keine Erlaubnis gegeben, Ihre Daten mit Dritten zu teilen. Sie k\u00f6nnen vollst\u00e4ndig verhindern, dass Google Analytics Sie erkennt, indem Sie die Cookies in Ihrem Browser deaktivieren. Google kann jedoch verpflichtet werden, die Daten an Dritte weiterzugeben, wenn Google dazu gesetzlich verpflichtet wird. Die Informationen, die Google sammelt, werden so weit wie m\u00f6glich anonymisiert. Ihre IP-Adresse wird ausdr\u00fccklich nicht weitergegeben. Die Informationen werden von Google auf Servern in den Vereinigten Staaten gespeichert. Google h\u00e4lt sich an die Privacy Shield Principles und ist dem Privacy Shield-Programm des amerikanischen Handelsministeriums angeschlossen. Dies bedeutet, dass ein angemessenes Schutzniveau f\u00fcr die Verarbeitung eventueller personenbezogener Daten besteht.              <\/p><p> <\/p><p><strong>Tracking-Cookies <\/strong><\/p><p>Tracking-Cookies sind Cookies, die notwendig sind, damit die Website f\u00fcr Sie angenehm funktioniert. Dank Tracking-Cookies k\u00f6nnen wir den Inhalt der Website auf Ihre Interessen und Vorlieben abstimmen. Au\u00dferdem k\u00f6nnen wir dank Tracking-Cookies daf\u00fcr sorgen, dass Sie auf unserer Website und auf anderen Websites nur relevante Anzeigen sehen. Dank dieser Cookies k\u00f6nnen wir schlie\u00dflich daf\u00fcr   <\/p><p>sorgen, dass Ihr Besuch auf unserer Website kostenlos ist und bleiben wird. Mit unseren Tracking-Cookies k\u00f6nnen wir nicht Ihren Namen, Ihre Adresse und Ihre E-Mail-Adresse herausfinden. <\/p><p><strong>Remarketing <\/strong><\/p><p>Schalken Autoschade verwendet Remarketing-Dienste, um auf Websites von Dritten zu werben, nachdem Sie unsere Website besucht haben. Wir und Drittparteien, mit denen wir zusammenarbeiten, verwenden Cookies, um die Anzeigen, die auf der Grundlage Ihrer vorherigen Besuche angezeigt werden, zu optimieren. Remarketing-Dienste fallen unter Tracking-Cookies. Wir nutzen mit Ihrer Zustimmung die folgenden Tracking-Cookies: Darunter die folgenden Remarketing-Dienste:   <\/p><p><strong>Google Adwords:<\/strong> Der Google AdWords Remarketing Service wird von Google Inc. bereitgestellt. Wir nutzen den Google AdWords Remarketing Service nur, wenn Sie uns dazu Ihre Zustimmung geben. Sie k\u00f6nnen Google AdWords Remarketing danach deaktivieren, indem Sie Ihre Zustimmung widerrufen. Sie k\u00f6nnen Ihre Zustimmung f\u00fcr Google AdWords an derselben Stelle widerrufen, an der Sie die Zustimmung f\u00fcr die Platzierung der f\u00fcr Google AdWords Remarketing ben\u00f6tigten Cookies gegeben haben. F\u00fcr weitere Informationen \u00fcber die Datenschutzrichtlinien von Google k\u00f6nnen Sie die folgende Seite besuchen: <a href=\"http:\/\/www.google.com\/intl\/en\/policies\/privacy\/\">http:\/\/www.google.com\/intl\/en\/policies\/privacy\/<\/a>.    <\/p><p> <\/p><p><strong>Tracking-Cookies aktivieren und deaktivieren<\/strong><\/p><p>Wir setzen nur Tracking-Cookies, wenn Sie uns dazu Ihre Zustimmung gegeben haben. Wenn Sie einmal Ihre Zustimmung gegeben haben, k\u00f6nnen Sie diese jederzeit auf die gleiche Weise widerrufen, wie Sie Ihre Zustimmung gegeben haben. Wir weisen Sie jedoch darauf hin, dass unsere Website f\u00fcr Sie weniger gut funktionieren kann, wenn Sie Ihre Zustimmung widerrufen. Nachdem Sie Ihre Zustimmung widerrufen haben, l\u00f6schen wir alle Daten, die wir dank der Tracking-Cookies gesammelt haben. Wenn Sie uns wieder die Erlaubnis geben, Tracking-Cookies zu setzen, werden wir diese Tracking-Cookies erneut setzen.    <\/p><p> <\/p><p><strong>Social-Media-Cookies<\/strong><\/p><p>Auf dieser Seite sind Buttons von sozialen Netzwerken wie Facebook und Twitter enthalten. Diese Buttons funktionieren durch Code-Schnipsel, die von diesen Netzwerken selbst stammen. Durch diesen Code werden Cookies auf der Website platziert. Wir haben darauf keinen Einfluss. Lesen Sie die Datenschutzerkl\u00e4rung des jeweiligen Social-Media-Unternehmens (welche sich regelm\u00e4\u00dfig \u00e4ndern kann), um zu lesen, was sie mit Ihren (personenbezogenen) Daten tun, die sie \u00fcber diese Cookies verarbeiten. Die Informationen, die sie sammeln, werden so weit wie m\u00f6glich anonymisiert. Unternehmen wie LinkedIn, Twitter, Facebook und Google + halten sich an die Privacy Shield Principles und sind dem Privacy Shield-Programm des amerikanischen Handelsministeriums angeschlossen. Dies bedeutet, dass ein angemessenes Schutzniveau f\u00fcr die Verarbeitung eventueller personenbezogener Daten wie in der AVG vorgesehen besteht.       <\/p><p> <\/p><p><strong>Recht auf Einsicht, Korrekturen, Recht auf Widerspruch und Recht auf Daten\u00fcbertragbarkeit <\/strong><\/p><p>Wenn Sie Einsicht in Ihre personenbezogenen Daten w\u00fcnschen, wenn Sie Ihre Daten \u00e4ndern oder l\u00f6schen m\u00f6chten oder wenn Sie Ihre personenbezogenen Daten ganz oder teilweise an Sie oder an einen Dritten \u00fcbertragen lassen m\u00f6chten, dann k\u00f6nnen Sie Kontakt mit Schalken Autoschade aufnehmen, indem Sie eine E-Mail an info@schalkenautoschade.nl senden oder einen Brief an:<\/p><p>Autoschadebedrijf Schalken Waalwijk B.V. Industrieweg 9 5145 PD Waalwijk<\/p><p> <\/p><p><strong>Unvorhergesehene Cookies <\/strong><\/p><p>Wir versuchen, einen m\u00f6glichst guten \u00dcberblick \u00fcber die Cookies auf unserer Website zu behalten. Es kann vorkommen, dass Dritte Cookies auf unserer Website platzieren. In diesem Fall finden Sie diese Cookies nicht in dieser \u00dcbersicht. Es handelt sich dann insbesondere um eingebettete Elemente. Dies ist beispielsweise der Fall, wenn ein Video, das auf Youtube gespeichert ist, auf unserer Website geteilt wird. Sto\u00dfen Sie auf unserer Website auf einen Cookie, der nicht in dieser \u00dcbersicht steht? Dann bitten wir Sie, Kontakt mit uns aufzunehmen, indem Sie eine E-Mail an info@schalkenautoschade.nl senden.      <\/p><p> <\/p><p><strong>Wie werden die gesammelten Informationen gesch\u00fctzt?<\/strong><\/p><p>Schalken Autoschade hat passende technische und organisatorische Ma\u00dfnahmen ergriffen, um Ihre Daten gegen Verlust oder gegen jede Form von unrechtm\u00e4\u00dfiger Verarbeitung zu sch\u00fctzen. Wir verwenden Sicherheitsma\u00dfnahmen, um sicherzustellen, dass Informationen \u00fcber die Website gesch\u00fctzt werden (wie das Anfordern eines eindeutigen Passworts). Schalken Autoschade kann jedoch nicht versichern, dass die Informationen auf der Website nicht ge\u00f6ffnet, offengelegt, ver\u00e4ndert oder vernichtet werden. Sie sind jederzeit verantwortlich f\u00fcr die Aufrechterhaltung Ihres eindeutigen Passworts und Ihrer Kontoinformationen und f\u00fcr die Verwaltung der E-Mails zwischen Ihnen und Schalken Autoschade.   <\/p><p> <\/p><p><strong>Wie werden die gesammelten Informationen geteilt? <\/strong><\/p><p>Informationen, die mit funktionalen Cookies gesammelt werden, teilen wir nicht mit Dritten. Informationen, die mit analytischen Cookies gewonnen werden, teilen wir ohne Ihre Zustimmung nur mit Dritten, nachdem wir diese Daten anonymisiert haben oder nachdem wir f\u00fcr das Teilen Ihrer Daten Ihre Zustimmung erhalten haben. Informationen, die mit Tracking-Cookies gewonnen werden, teilen wir nur mit Dritten, wenn wir dazu Ihre Zustimmung erhalten haben.  <\/p><p> <\/p><p><strong>Kinder <\/strong><\/p><p>Unsere Website setzt nicht bewusst Cookies, wenn der Computer, das Tablet oder das Mobiltelefon von jemandem verwendet wird, der j\u00fcnger als 16 Jahre ist (\u201eKinder\u201c). Wenn wir herausfinden, dass wir personenbezogene Daten von Kindern ohne Zustimmung ihrer Eltern oder Erziehungsberechtigten gesammelt haben, werden wir Schritte unternehmen, um diese Daten von unseren Servern zu entfernen. Wenn Sie Vermutungen haben, dass Ihr Kind ohne Ihre Zustimmung personenbezogene Daten an uns weitergegeben hat, dann k\u00f6nnen Sie Kontakt mit uns aufnehmen \u00fcber info@schalkenautoschade.nl. Wenn wir von Ihnen personenbezogene Daten erhalten haben, als Sie ein Kind waren, dann werden wir uns bem\u00fchen, diese personenbezogenen Daten auf Ihre Anfrage zu l\u00f6schen. Wenn Sie den Verdacht haben, dass Sie als Kind personenbezogene Daten an uns weitergegeben haben, dann k\u00f6nnen Sie Kontakt mit uns aufnehmen.    <\/p><p> <\/p><p><strong>Zeggenschapswijziging <\/strong><\/p><p>Wenn Schalken Autoschade oder ein Teil davon verkauft, \u00fcbertragen wird oder unsere Aktiva bei einer anderen Organisation landen (beispielsweise infolge einer Fusion, \u00dcbernahme, Insolvenz, Aufl\u00f6sung oder Liquidation), dann k\u00f6nnen Daten, die \u00fcber die Website gesammelt wurden, unter die verkauften oder \u00fcbertragenen Sachen fallen. Der K\u00e4ufer oder Erwerber muss die Vereinbarungen in dieser Cookie-Richtlinie befolgen. <\/p><p> <\/p><p><strong>Wijzigingen <\/strong><\/p><p>Schalken Autoschade kann diese Cookie-Richtlinie von Zeit zu Zeit anpassen oder aktualisieren. Ihnen wird daher geraten, diese Cookie-Richtlinie regelm\u00e4\u00dfig zu konsultieren. Anpassungen dieser Cookie-Richtlinie treten in Kraft, sobald diese auf dieser Seite ver\u00f6ffentlicht wurden.  <\/p><p><strong> <\/strong><\/p><p><strong>Kontakt <\/strong><\/p><p>Wenn Sie Fragen zu dieser Cookie-Richtlinie haben, dann k\u00f6nnen Sie Kontakt mit Schalken Autoschade aufnehmen, indem Sie eine E-Mail an info@schalkenautoschade.nl senden.<\/p><p> <\/p>\t\t\t\t\t\t\t\t<\/div>\n\t\t\t\t\t<\/div>\n\t\t<\/div>\n\t\t\t\t\t<\/div>\n\t\t<\/section>\n\t\t\t\t<\/div>\n\t\t","protected":false},"excerpt":{"rendered":"<p>Dies ist die Cookie-Richtlinie von Autoschadebedrijf Schalken Waalwijk B.V. (im Folgenden \u201eSchalken Autoschade\u201c, \u201ewir\u201c, \u201euns\u201c oder \u201eunser\u201c genannt), einem Unternehmen mit Sitz in Industrieweg 9, Waalwijk. Schalken Autoschade ist bei der Handelskammer unter der Nummer 18071449 eingetragen. Diese Cookie-Richtlinie erl\u00e4utert, wie wir Cookies verwenden und wie wir Ihre Daten in Bezug auf unsere Website www.schalken-autoschade.nl [&hellip;]<\/p>\n","protected":false},"author":1,"featured_media":0,"parent":0,"menu_order":0,"comment_status":"closed","ping_status":"closed","template":"","meta":{"_acf_changed":false,"footnotes":""},"class_list":["post-2603","page","type-page","status-publish","hentry"],"acf":[],"yoast_head":"<!-- This site is optimized with the Yoast SEO plugin v27.5 - https:\/\/yoast.com\/product\/yoast-seo-wordpress\/ -->\n<title>Cookie-Richtlinie - Schalken Bus &amp; Truck Recovery<\/title>\n<meta name=\"robots\" content=\"index, follow, max-snippet:-1, max-image-preview:large, max-video-preview:-1\" \/>\n<link rel=\"canonical\" href=\"https:\/\/schalkenrecovery.nl\/de\/cookie-richtlinie\/\" \/>\n<meta property=\"og:locale\" content=\"de_DE\" \/>\n<meta property=\"og:type\" content=\"article\" \/>\n<meta property=\"og:title\" content=\"Cookie-Richtlinie - Schalken Bus &amp; Truck Recovery\" \/>\n<meta property=\"og:description\" content=\"Dies ist die Cookie-Richtlinie von Autoschadebedrijf Schalken Waalwijk B.V. (im Folgenden \u201eSchalken Autoschade\u201c, \u201ewir\u201c, \u201euns\u201c oder \u201eunser\u201c genannt), einem Unternehmen mit Sitz in Industrieweg 9, Waalwijk. Schalken Autoschade ist bei der Handelskammer unter der Nummer 18071449 eingetragen. Diese Cookie-Richtlinie erl\u00e4utert, wie wir Cookies verwenden und wie wir Ihre Daten in Bezug auf unsere Website www.schalken-autoschade.nl [&hellip;]\" \/>\n<meta property=\"og:url\" content=\"https:\/\/schalkenrecovery.nl\/de\/cookie-richtlinie\/\" \/>\n<meta property=\"og:site_name\" content=\"Schalken Bus &amp; Truck Recovery\" \/>\n<meta property=\"article:publisher\" content=\"http:\/\/facebook.com\/schalkenautoschade\" \/>\n<meta property=\"article:modified_time\" content=\"2025-09-29T13:05:28+00:00\" \/>\n<meta property=\"og:image\" content=\"https:\/\/schalkenrecovery.nl\/wp-content\/uploads\/2020\/11\/030919_0482.jpg\" \/>\n\t<meta property=\"og:image:width\" content=\"1620\" \/>\n\t<meta property=\"og:image:height\" content=\"1080\" \/>\n\t<meta property=\"og:image:type\" content=\"image\/jpeg\" \/>\n<meta name=\"twitter:label1\" content=\"Gesch\u00e4tzte Lesezeit\" \/>\n\t<meta name=\"twitter:data1\" content=\"8\u00a0Minuten\" \/>\n<script type=\"application\/ld+json\" class=\"yoast-schema-graph\">{\"@context\":\"https:\\\/\\\/schema.org\",\"@graph\":[{\"@type\":\"WebPage\",\"@id\":\"https:\\\/\\\/schalkenrecovery.nl\\\/de\\\/cookie-richtlinie\\\/\",\"url\":\"https:\\\/\\\/schalkenrecovery.nl\\\/de\\\/cookie-richtlinie\\\/\",\"name\":\"Cookie-Richtlinie - Schalken Bus &amp; Truck Recovery\",\"isPartOf\":{\"@id\":\"https:\\\/\\\/schalkenrecovery.must.media\\\/#website\"},\"datePublished\":\"2021-03-16T10:12:39+00:00\",\"dateModified\":\"2025-09-29T13:05:28+00:00\",\"inLanguage\":\"de\",\"potentialAction\":[{\"@type\":\"ReadAction\",\"target\":[\"https:\\\/\\\/schalkenrecovery.nl\\\/de\\\/cookie-richtlinie\\\/\"]}]},{\"@type\":\"WebSite\",\"@id\":\"https:\\\/\\\/schalkenrecovery.must.media\\\/#website\",\"url\":\"https:\\\/\\\/schalkenrecovery.must.media\\\/\",\"name\":\"Schalken Bus &amp; Truck Recovery\",\"description\":\"\",\"publisher\":{\"@id\":\"https:\\\/\\\/schalkenrecovery.must.media\\\/#organization\"},\"potentialAction\":[{\"@type\":\"SearchAction\",\"target\":{\"@type\":\"EntryPoint\",\"urlTemplate\":\"https:\\\/\\\/schalkenrecovery.must.media\\\/?s={search_term_string}\"},\"query-input\":{\"@type\":\"PropertyValueSpecification\",\"valueRequired\":true,\"valueName\":\"search_term_string\"}}],\"inLanguage\":\"de\"},{\"@type\":\"Organization\",\"@id\":\"https:\\\/\\\/schalkenrecovery.must.media\\\/#organization\",\"name\":\"Schalken Bus &amp; Truck Recovery\",\"url\":\"https:\\\/\\\/schalkenrecovery.must.media\\\/\",\"logo\":{\"@type\":\"ImageObject\",\"inLanguage\":\"de\",\"@id\":\"https:\\\/\\\/schalkenrecovery.must.media\\\/#\\\/schema\\\/logo\\\/image\\\/\",\"url\":\"https:\\\/\\\/schalkenrecovery.nl\\\/wp-content\\\/uploads\\\/2020\\\/11\\\/schalken-bus-truck-logox2.png\",\"contentUrl\":\"https:\\\/\\\/schalkenrecovery.nl\\\/wp-content\\\/uploads\\\/2020\\\/11\\\/schalken-bus-truck-logox2.png\",\"width\":207,\"height\":48,\"caption\":\"Schalken Bus &amp; Truck Recovery\"},\"image\":{\"@id\":\"https:\\\/\\\/schalkenrecovery.must.media\\\/#\\\/schema\\\/logo\\\/image\\\/\"},\"sameAs\":[\"http:\\\/\\\/facebook.com\\\/schalkenautoschade\",\"https:\\\/\\\/x.com\\\/schalkenschade\",\"https:\\\/\\\/www.instagram.com\\\/schalken_autoschade_waalwijk\\\/\",\"https:\\\/\\\/www.linkedin.com\\\/company\\\/schalken-autoschade-bus-truck-recovery\"]}]}<\/script>\n<!-- \/ Yoast SEO plugin. -->","yoast_head_json":{"title":"Cookie-Richtlinie - Schalken Bus &amp; Truck Recovery","robots":{"index":"index","follow":"follow","max-snippet":"max-snippet:-1","max-image-preview":"max-image-preview:large","max-video-preview":"max-video-preview:-1"},"canonical":"https:\/\/schalkenrecovery.nl\/de\/cookie-richtlinie\/","og_locale":"de_DE","og_type":"article","og_title":"Cookie-Richtlinie - Schalken Bus &amp; Truck Recovery","og_description":"Dies ist die Cookie-Richtlinie von Autoschadebedrijf Schalken Waalwijk B.V. (im Folgenden \u201eSchalken Autoschade\u201c, \u201ewir\u201c, \u201euns\u201c oder \u201eunser\u201c genannt), einem Unternehmen mit Sitz in Industrieweg 9, Waalwijk. Schalken Autoschade ist bei der Handelskammer unter der Nummer 18071449 eingetragen. Diese Cookie-Richtlinie erl\u00e4utert, wie wir Cookies verwenden und wie wir Ihre Daten in Bezug auf unsere Website www.schalken-autoschade.nl [&hellip;]","og_url":"https:\/\/schalkenrecovery.nl\/de\/cookie-richtlinie\/","og_site_name":"Schalken Bus &amp; Truck Recovery","article_publisher":"http:\/\/facebook.com\/schalkenautoschade","article_modified_time":"2025-09-29T13:05:28+00:00","og_image":[{"width":1620,"height":1080,"url":"https:\/\/schalkenrecovery.nl\/wp-content\/uploads\/2020\/11\/030919_0482.jpg","type":"image\/jpeg"}],"twitter_misc":{"Gesch\u00e4tzte Lesezeit":"8\u00a0Minuten"},"schema":{"@context":"https:\/\/schema.org","@graph":[{"@type":"WebPage","@id":"https:\/\/schalkenrecovery.nl\/de\/cookie-richtlinie\/","url":"https:\/\/schalkenrecovery.nl\/de\/cookie-richtlinie\/","name":"Cookie-Richtlinie - Schalken Bus &amp; Truck Recovery","isPartOf":{"@id":"https:\/\/schalkenrecovery.must.media\/#website"},"datePublished":"2021-03-16T10:12:39+00:00","dateModified":"2025-09-29T13:05:28+00:00","inLanguage":"de","potentialAction":[{"@type":"ReadAction","target":["https:\/\/schalkenrecovery.nl\/de\/cookie-richtlinie\/"]}]},{"@type":"WebSite","@id":"https:\/\/schalkenrecovery.must.media\/#website","url":"https:\/\/schalkenrecovery.must.media\/","name":"Schalken Bus &amp; Truck Recovery","description":"","publisher":{"@id":"https:\/\/schalkenrecovery.must.media\/#organization"},"potentialAction":[{"@type":"SearchAction","target":{"@type":"EntryPoint","urlTemplate":"https:\/\/schalkenrecovery.must.media\/?s={search_term_string}"},"query-input":{"@type":"PropertyValueSpecification","valueRequired":true,"valueName":"search_term_string"}}],"inLanguage":"de"},{"@type":"Organization","@id":"https:\/\/schalkenrecovery.must.media\/#organization","name":"Schalken Bus &amp; Truck Recovery","url":"https:\/\/schalkenrecovery.must.media\/","logo":{"@type":"ImageObject","inLanguage":"de","@id":"https:\/\/schalkenrecovery.must.media\/#\/schema\/logo\/image\/","url":"https:\/\/schalkenrecovery.nl\/wp-content\/uploads\/2020\/11\/schalken-bus-truck-logox2.png","contentUrl":"https:\/\/schalkenrecovery.nl\/wp-content\/uploads\/2020\/11\/schalken-bus-truck-logox2.png","width":207,"height":48,"caption":"Schalken Bus &amp; Truck Recovery"},"image":{"@id":"https:\/\/schalkenrecovery.must.media\/#\/schema\/logo\/image\/"},"sameAs":["http:\/\/facebook.com\/schalkenautoschade","https:\/\/x.com\/schalkenschade","https:\/\/www.instagram.com\/schalken_autoschade_waalwijk\/","https:\/\/www.linkedin.com\/company\/schalken-autoschade-bus-truck-recovery"]}]}},"_links":{"self":[{"href":"https:\/\/schalkenrecovery.nl\/de\/wp-json\/wp\/v2\/pages\/2603","targetHints":{"allow":["GET"]}}],"collection":[{"href":"https:\/\/schalkenrecovery.nl\/de\/wp-json\/wp\/v2\/pages"}],"about":[{"href":"https:\/\/schalkenrecovery.nl\/de\/wp-json\/wp\/v2\/types\/page"}],"author":[{"embeddable":true,"href":"https:\/\/schalkenrecovery.nl\/de\/wp-json\/wp\/v2\/users\/1"}],"replies":[{"embeddable":true,"href":"https:\/\/schalkenrecovery.nl\/de\/wp-json\/wp\/v2\/comments?post=2603"}],"version-history":[{"count":1,"href":"https:\/\/schalkenrecovery.nl\/de\/wp-json\/wp\/v2\/pages\/2603\/revisions"}],"predecessor-version":[{"id":2604,"href":"https:\/\/schalkenrecovery.nl\/de\/wp-json\/wp\/v2\/pages\/2603\/revisions\/2604"}],"wp:attachment":[{"href":"https:\/\/schalkenrecovery.nl\/de\/wp-json\/wp\/v2\/media?parent=2603"}],"curies":[{"name":"wp","href":"https:\/\/api.w.org\/{rel}","templated":true}]}}